{"id":108,"date":"2022-03-05T00:25:54","date_gmt":"2022-03-05T00:25:54","guid":{"rendered":"https:\/\/equimportec.com\/?page_id=108"},"modified":"2022-03-05T00:28:49","modified_gmt":"2022-03-05T00:28:49","slug":"aislamiento-termico","status":"publish","type":"page","link":"https:\/\/equimportec.com\/index.php\/aislamiento-termico\/","title":{"rendered":"Aislamiento T\u00e9rmico"},"content":{"rendered":"\n<div class=\"wp-block-columns is-layout-flex wp-container-core-columns-is-layout-9d6595d7 wp-block-columns-is-layout-flex\">\n<div class=\"wp-block-column is-layout-flow wp-block-column-is-layout-flow\">\n<figure class=\"wp-block-image size-full\"><img loading=\"lazy\" decoding=\"async\" width=\"604\" height=\"400\" src=\"https:\/\/equimportec.com\/wp-content\/uploads\/2022\/03\/Aislamiento.jpg\" alt=\"\" class=\"wp-image-113\" srcset=\"https:\/\/equimportec.com\/wp-content\/uploads\/2022\/03\/Aislamiento.jpg 604w, https:\/\/equimportec.com\/wp-content\/uploads\/2022\/03\/Aislamiento-300x199.jpg 300w\" sizes=\"auto, (max-width: 604px) 100vw, 604px\" \/><\/figure>\n<\/div>\n\n\n\n<div class=\"wp-block-column is-layout-flow wp-block-column-is-layout-flow\">\n<p>Realizamos la confecci\u00f3n e instalaci\u00f3n de protecciones para aislamiento t\u00e9rmico de tuberias, accesorios, v\u00e1lvulas,ductos de escape y dem\u00e1s equipos para el sector mar\u00edtimo, petrolero\/gas y el\u00e9ctrico.<\/p>\n\n\n\n<p>Nuestros materiales para este prop\u00f3sito son seleccionados y cumplen los mas altos est\u00e1ndares de calidad y durabilidad.<\/p>\n<\/div>\n<\/div>\n","protected":false},"excerpt":{"rendered":"<p>Realizamos la confecci\u00f3n e instalaci\u00f3n de protecciones para aislamiento t\u00e9rmico de tuberias, accesorios, v\u00e1lvulas,ductos de escape y dem\u00e1s equipos para el sector mar\u00edtimo, petrolero\/gas y el\u00e9ctrico. Nuestros materiales para este prop\u00f3sito son seleccionados y cumplen los mas altos est\u00e1ndares de calidad y durabilidad.<\/p>\n","protected":false},"author":1,"featured_media":0,"parent":0,"menu_order":0,"comment_status":"closed","ping_status":"closed","template":"elementor_header_footer","meta":{"om_disable_all_campaigns":false,"_monsterinsights_skip_tracking":false,"_monsterinsights_sitenote_active":false,"_monsterinsights_sitenote_note":"","_monsterinsights_sitenote_category":0,"footnotes":""},"class_list":["post-108","page","type-page","status-publish","hentry","entry"],"_links":{"self":[{"href":"https:\/\/equimportec.com\/index.php\/wp-json\/wp\/v2\/pages\/108","targetHints":{"allow":["GET"]}}],"collection":[{"href":"https:\/\/equimportec.com\/index.php\/wp-json\/wp\/v2\/pages"}],"about":[{"href":"https:\/\/equimportec.com\/index.php\/wp-json\/wp\/v2\/types\/page"}],"author":[{"embeddable":true,"href":"https:\/\/equimportec.com\/index.php\/wp-json\/wp\/v2\/users\/1"}],"replies":[{"embeddable":true,"href":"https:\/\/equimportec.com\/index.php\/wp-json\/wp\/v2\/comments?post=108"}],"version-history":[{"count":2,"href":"https:\/\/equimportec.com\/index.php\/wp-json\/wp\/v2\/pages\/108\/revisions"}],"predecessor-version":[{"id":114,"href":"https:\/\/equimportec.com\/index.php\/wp-json\/wp\/v2\/pages\/108\/revisions\/114"}],"wp:attachment":[{"href":"https:\/\/equimportec.com\/index.php\/wp-json\/wp\/v2\/media?parent=108"}],"curies":[{"name":"wp","href":"https:\/\/api.w.org\/{rel}","templated":true}]}}