{"id":131,"date":"2022-03-05T01:49:08","date_gmt":"2022-03-05T01:49:08","guid":{"rendered":"https:\/\/equimportec.com\/?page_id=131"},"modified":"2022-03-05T02:30:42","modified_gmt":"2022-03-05T02:30:42","slug":"para-equipos-auxiliares","status":"publish","type":"page","link":"https:\/\/equimportec.com\/index.php\/para-equipos-auxiliares\/","title":{"rendered":"Para Equipos Auxiliares"},"content":{"rendered":"\n<div class=\"wp-block-columns is-layout-flex wp-container-core-columns-is-layout-9d6595d7 wp-block-columns-is-layout-flex\">\n<div class=\"wp-block-column is-layout-flow wp-block-column-is-layout-flow\">\n<figure class=\"wp-block-image size-full\"><img loading=\"lazy\" decoding=\"async\" width=\"604\" height=\"400\" src=\"https:\/\/equimportec.com\/wp-content\/uploads\/2022\/03\/bomba.jpg\" alt=\"\" class=\"wp-image-143\" srcset=\"https:\/\/equimportec.com\/wp-content\/uploads\/2022\/03\/bomba.jpg 604w, https:\/\/equimportec.com\/wp-content\/uploads\/2022\/03\/bomba-300x199.jpg 300w\" sizes=\"auto, (max-width: 604px) 100vw, 604px\" \/><figcaption>BOMBAS<br><br>Equipos y repuestos para estaciones de bombeo, transferencia de todo tipo de fluidos. IMO DESMI WARREN ZENITH ALLWEILER SPP TAIKO KIKAI SHIN SHIN<\/figcaption><\/figure>\n<\/div>\n\n\n\n<div class=\"wp-block-column is-layout-flow wp-block-column-is-layout-flow\">\n<figure class=\"wp-block-image size-full\"><img loading=\"lazy\" decoding=\"async\" width=\"604\" height=\"400\" src=\"https:\/\/equimportec.com\/wp-content\/uploads\/2022\/03\/separadora.jpg\" alt=\"\" class=\"wp-image-144\" srcset=\"https:\/\/equimportec.com\/wp-content\/uploads\/2022\/03\/separadora.jpg 604w, https:\/\/equimportec.com\/wp-content\/uploads\/2022\/03\/separadora-300x199.jpg 300w\" sizes=\"auto, (max-width: 604px) 100vw, 604px\" \/><figcaption>SEPARADORAS<br><br>Equipos y repuestos Purificadoras y Calrificadoras de aceite y combustible: WESTFALIA ALFA LAVAL FRAUTECH SAMGONG MITSUBISHI<\/figcaption><\/figure>\n<\/div>\n\n\n\n<div class=\"wp-block-column is-layout-flow wp-block-column-is-layout-flow\">\n<figure class=\"wp-block-image size-full\"><img loading=\"lazy\" decoding=\"async\" width=\"604\" height=\"400\" src=\"https:\/\/equimportec.com\/wp-content\/uploads\/2022\/03\/compresor-1.jpg\" alt=\"\" class=\"wp-image-145\" srcset=\"https:\/\/equimportec.com\/wp-content\/uploads\/2022\/03\/compresor-1.jpg 604w, https:\/\/equimportec.com\/wp-content\/uploads\/2022\/03\/compresor-1-300x199.jpg 300w\" sizes=\"auto, (max-width: 604px) 100vw, 604px\" \/><figcaption>COMPRESORES<br><br>Equipos completos, repuestos y accesorios parea compresores de aire de servicio (instrumentaci\u00f3n) y\/o de arranque, tipo piston o tornillo. HAMWORTHY SPERRE GTC HATLAPA ATLAS COPCO TANABE TMC HANSHIN<\/figcaption><\/figure>\n<\/div>\n<\/div>\n\n\n\n<div class=\"wp-block-columns is-layout-flex wp-container-core-columns-is-layout-9d6595d7 wp-block-columns-is-layout-flex\">\n<div class=\"wp-block-column is-layout-flow wp-block-column-is-layout-flow\">\n<figure class=\"wp-block-image size-full\"><img loading=\"lazy\" decoding=\"async\" width=\"604\" height=\"400\" src=\"https:\/\/equimportec.com\/wp-content\/uploads\/2022\/03\/radiador.jpg\" alt=\"\" class=\"wp-image-146\" srcset=\"https:\/\/equimportec.com\/wp-content\/uploads\/2022\/03\/radiador.jpg 604w, https:\/\/equimportec.com\/wp-content\/uploads\/2022\/03\/radiador-300x199.jpg 300w\" sizes=\"auto, (max-width: 604px) 100vw, 604px\" \/><figcaption>INTERCAMBIADORES DE CALOR<br><br>Equipos de intercambio de calor, enfriadores y radiadores tipo placas, tubulares, aeroenfriadores, etc. VESTAS ALFA LAVAL KELVION DONGHWA SASAKURA SONDEX<\/figcaption><\/figure>\n<\/div>\n\n\n\n<div class=\"wp-block-column is-layout-flow wp-block-column-is-layout-flow\">\n<figure class=\"wp-block-image size-full\"><img loading=\"lazy\" decoding=\"async\" width=\"604\" height=\"400\" src=\"https:\/\/equimportec.com\/wp-content\/uploads\/2022\/03\/calderas.jpg\" alt=\"\" class=\"wp-image-147\" srcset=\"https:\/\/equimportec.com\/wp-content\/uploads\/2022\/03\/calderas.jpg 604w, https:\/\/equimportec.com\/wp-content\/uploads\/2022\/03\/calderas-300x199.jpg 300w\" sizes=\"auto, (max-width: 604px) 100vw, 604px\" \/><figcaption>CALDERAS<br><br>Suministro e instalaci\u00f3n de calderas de vapor y equipos relacionados. AALBORG KANGRIM GESAB HTI<\/figcaption><\/figure>\n<\/div>\n\n\n\n<div class=\"wp-block-column is-layout-flow wp-block-column-is-layout-flow\">\n<figure class=\"wp-block-image size-full\"><img loading=\"lazy\" decoding=\"async\" width=\"604\" height=\"400\" src=\"https:\/\/equimportec.com\/wp-content\/uploads\/2022\/03\/evaporadora.jpg\" alt=\"\" class=\"wp-image-148\" srcset=\"https:\/\/equimportec.com\/wp-content\/uploads\/2022\/03\/evaporadora.jpg 604w, https:\/\/equimportec.com\/wp-content\/uploads\/2022\/03\/evaporadora-300x199.jpg 300w\" sizes=\"auto, (max-width: 604px) 100vw, 604px\" \/><figcaption>EVAPORADORAS<br><br>Equipos de evaporaci\u00f3n de agua de simple y m\u00faltiple efecto. REPUESTOS Y EQUIPOS PARA PRODUCCI\u00d3N DE AGUA DULCE SASAKURA DETEGASA DONGHWA<\/figcaption><\/figure>\n<\/div>\n<\/div>\n\n\n\n<div class=\"wp-block-columns is-layout-flex wp-container-core-columns-is-layout-9d6595d7 wp-block-columns-is-layout-flex\">\n<div class=\"wp-block-column is-layout-flow wp-block-column-is-layout-flow\">\n<figure class=\"wp-block-image size-full\"><img loading=\"lazy\" decoding=\"async\" width=\"604\" height=\"400\" src=\"https:\/\/equimportec.com\/wp-content\/uploads\/2022\/03\/valvulas.jpg\" alt=\"\" class=\"wp-image-149\" srcset=\"https:\/\/equimportec.com\/wp-content\/uploads\/2022\/03\/valvulas.jpg 604w, https:\/\/equimportec.com\/wp-content\/uploads\/2022\/03\/valvulas-300x199.jpg 300w\" sizes=\"auto, (max-width: 604px) 100vw, 604px\" \/><figcaption>V\u00c1LVULAS<br><br>V\u00e1lvulas y accesorios para sistemas de vapor, combustible, lubricaci\u00f3n, enfriamiento de agua, entre otros. V\u00c1LVULA GLOBO V\u00c1LVULA CHEQUE V\u00c1LVULA MARIPOSA TRAMPAS DE VAPOR FILTROS ACTUADORES V\u00c1LVULA DIAFRAGMA V\u00c1LVULAS DE ALIVIO<\/figcaption><\/figure>\n<\/div>\n\n\n\n<div class=\"wp-block-column is-layout-flow wp-block-column-is-layout-flow\">\n<figure class=\"wp-block-image size-full\"><img loading=\"lazy\" decoding=\"async\" width=\"604\" height=\"400\" src=\"https:\/\/equimportec.com\/wp-content\/uploads\/2022\/03\/sensores.png\" alt=\"\" class=\"wp-image-150\" srcset=\"https:\/\/equimportec.com\/wp-content\/uploads\/2022\/03\/sensores.png 604w, https:\/\/equimportec.com\/wp-content\/uploads\/2022\/03\/sensores-300x199.png 300w\" sizes=\"auto, (max-width: 604px) 100vw, 604px\" \/><figcaption>INSTRUMENTACI\u00d3N \/ EL\u00c9CTRICO<br><br>Repuestos de instrumentaci\u00f3n y parte el\u00e9ctrica para la industria SENSORES DE NIVEL, TEMPERATURA Y PRESI\u00d3N TRANSDUCTORES ACTUADORES TERMOCUPLAS REL\u00c9S DE PROTECCI\u00d3N TRANSMISORES<\/figcaption><\/figure>\n<\/div>\n\n\n\n<div class=\"wp-block-column is-layout-flow wp-block-column-is-layout-flow\"><\/div>\n<\/div>\n","protected":false},"excerpt":{"rendered":"","protected":false},"author":1,"featured_media":0,"parent":0,"menu_order":0,"comment_status":"closed","ping_status":"closed","template":"elementor_header_footer","meta":{"om_disable_all_campaigns":false,"_monsterinsights_skip_tracking":false,"_monsterinsights_sitenote_active":false,"_monsterinsights_sitenote_note":"","_monsterinsights_sitenote_category":0,"footnotes":""},"class_list":["post-131","page","type-page","status-publish","hentry","entry"],"_links":{"self":[{"href":"https:\/\/equimportec.com\/index.php\/wp-json\/wp\/v2\/pages\/131","targetHints":{"allow":["GET"]}}],"collection":[{"href":"https:\/\/equimportec.com\/index.php\/wp-json\/wp\/v2\/pages"}],"about":[{"href":"https:\/\/equimportec.com\/index.php\/wp-json\/wp\/v2\/types\/page"}],"author":[{"embeddable":true,"href":"https:\/\/equimportec.com\/index.php\/wp-json\/wp\/v2\/users\/1"}],"replies":[{"embeddable":true,"href":"https:\/\/equimportec.com\/index.php\/wp-json\/wp\/v2\/comments?post=131"}],"version-history":[{"count":2,"href":"https:\/\/equimportec.com\/index.php\/wp-json\/wp\/v2\/pages\/131\/revisions"}],"predecessor-version":[{"id":151,"href":"https:\/\/equimportec.com\/index.php\/wp-json\/wp\/v2\/pages\/131\/revisions\/151"}],"wp:attachment":[{"href":"https:\/\/equimportec.com\/index.php\/wp-json\/wp\/v2\/media?parent=131"}],"curies":[{"name":"wp","href":"https:\/\/api.w.org\/{rel}","templated":true}]}}