{"id":78,"date":"2022-03-04T23:37:26","date_gmt":"2022-03-04T23:37:26","guid":{"rendered":"https:\/\/equimportec.com\/?page_id=78"},"modified":"2022-03-05T00:08:57","modified_gmt":"2022-03-05T00:08:57","slug":"mantenimiento-de-generadores","status":"publish","type":"page","link":"https:\/\/equimportec.com\/index.php\/mantenimiento-de-generadores\/","title":{"rendered":"Mantenimiento de generadores"},"content":{"rendered":"\n<h2 class=\"wp-block-heading\">Alto Voltaje<\/h2>\n\n\n\n<hr class=\"wp-block-separator\"\/>\n\n\n\n<div class=\"wp-block-columns is-layout-flex wp-container-core-columns-is-layout-9d6595d7 wp-block-columns-is-layout-flex\">\n<div class=\"wp-block-column is-layout-flow wp-block-column-is-layout-flow\">\n<figure class=\"wp-block-image size-full\"><img loading=\"lazy\" decoding=\"async\" width=\"800\" height=\"600\" src=\"https:\/\/equimportec.com\/wp-content\/uploads\/2022\/03\/1.jpg\" alt=\"\" class=\"wp-image-85\" srcset=\"https:\/\/equimportec.com\/wp-content\/uploads\/2022\/03\/1.jpg 800w, https:\/\/equimportec.com\/wp-content\/uploads\/2022\/03\/1-300x225.jpg 300w, https:\/\/equimportec.com\/wp-content\/uploads\/2022\/03\/1-768x576.jpg 768w\" sizes=\"auto, (max-width: 800px) 100vw, 800px\" \/><figcaption>MONITOREO DE CONDICI\u00d3N<br>Servicios individualmente por activo, o bajo un Contrato y asegura excelentes beneficios tales como Prioridad del Servicio y Ahorro.<\/figcaption><\/figure>\n<\/div>\n\n\n\n<div class=\"wp-block-column is-layout-flow wp-block-column-is-layout-flow\">\n<figure class=\"wp-block-image size-full\"><img loading=\"lazy\" decoding=\"async\" width=\"800\" height=\"600\" src=\"https:\/\/equimportec.com\/wp-content\/uploads\/2022\/03\/2.jpg\" alt=\"\" class=\"wp-image-86\" srcset=\"https:\/\/equimportec.com\/wp-content\/uploads\/2022\/03\/2.jpg 800w, https:\/\/equimportec.com\/wp-content\/uploads\/2022\/03\/2-300x225.jpg 300w, https:\/\/equimportec.com\/wp-content\/uploads\/2022\/03\/2-768x576.jpg 768w\" sizes=\"auto, (max-width: 800px) 100vw, 800px\" \/><figcaption>T\u00c9CNICAS PREDICTIVAS<br>Mantenimiento de los generadores que resulta en una mayor confiabilidad y extensi\u00f3n de la vida \u00fatil.<\/figcaption><\/figure>\n<\/div>\n\n\n\n<div class=\"wp-block-column is-layout-flow wp-block-column-is-layout-flow\">\n<figure class=\"wp-block-image size-full\"><img loading=\"lazy\" decoding=\"async\" width=\"800\" height=\"600\" src=\"https:\/\/equimportec.com\/wp-content\/uploads\/2022\/03\/3.jpg\" alt=\"\" class=\"wp-image-87\" srcset=\"https:\/\/equimportec.com\/wp-content\/uploads\/2022\/03\/3.jpg 800w, https:\/\/equimportec.com\/wp-content\/uploads\/2022\/03\/3-300x225.jpg 300w, https:\/\/equimportec.com\/wp-content\/uploads\/2022\/03\/3-768x576.jpg 768w\" sizes=\"auto, (max-width: 800px) 100vw, 800px\" \/><figcaption>INSPECCI\u00d3N Y DIAGN\u00d3STICO<br>Durante una visita a la planta del cliente, EM realiza una evaluaci\u00f3n profesional de los componentes el\u00e9ctricos y mec\u00e1nicos.<\/figcaption><\/figure>\n<\/div>\n<\/div>\n\n\n\n<div class=\"wp-block-columns is-layout-flex wp-container-core-columns-is-layout-9d6595d7 wp-block-columns-is-layout-flex\">\n<div class=\"wp-block-column is-layout-flow wp-block-column-is-layout-flow\">\n<figure class=\"wp-block-image size-full\"><img loading=\"lazy\" decoding=\"async\" width=\"800\" height=\"600\" src=\"https:\/\/equimportec.com\/wp-content\/uploads\/2022\/03\/4.jpg\" alt=\"\" class=\"wp-image-88\" srcset=\"https:\/\/equimportec.com\/wp-content\/uploads\/2022\/03\/4.jpg 800w, https:\/\/equimportec.com\/wp-content\/uploads\/2022\/03\/4-300x225.jpg 300w, https:\/\/equimportec.com\/wp-content\/uploads\/2022\/03\/4-768x576.jpg 768w\" sizes=\"auto, (max-width: 800px) 100vw, 800px\" \/><figcaption>CORRECCI\u00d3N DE DESCARGAS PARCIALES<br>El historial de mantenimiento del generador, as\u00ed como los resultados de las pruebas como Factor de potencia y Descarga parcial.<\/figcaption><\/figure>\n<\/div>\n\n\n\n<div class=\"wp-block-column is-layout-flow wp-block-column-is-layout-flow\">\n<figure class=\"wp-block-image size-full\"><img loading=\"lazy\" decoding=\"async\" width=\"800\" height=\"600\" src=\"https:\/\/equimportec.com\/wp-content\/uploads\/2022\/03\/5.jpg\" alt=\"\" class=\"wp-image-89\" srcset=\"https:\/\/equimportec.com\/wp-content\/uploads\/2022\/03\/5.jpg 800w, https:\/\/equimportec.com\/wp-content\/uploads\/2022\/03\/5-300x225.jpg 300w, https:\/\/equimportec.com\/wp-content\/uploads\/2022\/03\/5-768x576.jpg 768w\" sizes=\"auto, (max-width: 800px) 100vw, 800px\" \/><figcaption>MANTENIMIENTO MAYOR<br>Realizamos todo tipo de trabajos de mantenimiento en generadores t\u00e9rmicos con altos niveles de calidad, rendimiento y eficiencia.<\/figcaption><\/figure>\n<\/div>\n\n\n\n<div class=\"wp-block-column is-layout-flow wp-block-column-is-layout-flow\">\n<figure class=\"wp-block-image size-full\"><img loading=\"lazy\" decoding=\"async\" width=\"800\" height=\"600\" src=\"https:\/\/equimportec.com\/wp-content\/uploads\/2022\/03\/7.jpg\" alt=\"\" class=\"wp-image-90\" srcset=\"https:\/\/equimportec.com\/wp-content\/uploads\/2022\/03\/7.jpg 800w, https:\/\/equimportec.com\/wp-content\/uploads\/2022\/03\/7-300x225.jpg 300w, https:\/\/equimportec.com\/wp-content\/uploads\/2022\/03\/7-768x576.jpg 768w\" sizes=\"auto, (max-width: 800px) 100vw, 800px\" \/><figcaption>REBOBINADO<br>Devoluci\u00f3n de datos del bobinado directamente desde el componente, estator o rotor. No requiere disponibilidad de datos o dibujos originales del Usuario.<\/figcaption><\/figure>\n<\/div>\n<\/div>\n\n\n\n<div class=\"wp-block-columns is-layout-flex wp-container-core-columns-is-layout-9d6595d7 wp-block-columns-is-layout-flex\">\n<div class=\"wp-block-column is-layout-flow wp-block-column-is-layout-flow\">\n<figure class=\"wp-block-image size-full\"><img loading=\"lazy\" decoding=\"async\" width=\"800\" height=\"600\" src=\"https:\/\/equimportec.com\/wp-content\/uploads\/2022\/03\/61.jpg\" alt=\"\" class=\"wp-image-91\" srcset=\"https:\/\/equimportec.com\/wp-content\/uploads\/2022\/03\/61.jpg 800w, https:\/\/equimportec.com\/wp-content\/uploads\/2022\/03\/61-300x225.jpg 300w, https:\/\/equimportec.com\/wp-content\/uploads\/2022\/03\/61-768x576.jpg 768w\" sizes=\"auto, (max-width: 800px) 100vw, 800px\" \/><figcaption>REVISI\u00d3N<br>Las m\u00e1quinas el\u00e9ctricas rotativas son susceptibles de sufrir da\u00f1os, desgaste y envejecimiento como resultado del funcionamiento normal o debido a factores externos.<\/figcaption><\/figure>\n<\/div>\n\n\n\n<div class=\"wp-block-column is-layout-flow wp-block-column-is-layout-flow\"><\/div>\n\n\n\n<div class=\"wp-block-column is-layout-flow wp-block-column-is-layout-flow\"><\/div>\n<\/div>\n\n\n\n<h2 class=\"wp-block-heading\">Bajo y Medio Voltaje<\/h2>\n\n\n\n<hr class=\"wp-block-separator\"\/>\n\n\n\n<div class=\"wp-block-columns is-layout-flex wp-container-core-columns-is-layout-9d6595d7 wp-block-columns-is-layout-flex\">\n<div class=\"wp-block-column is-layout-flow wp-block-column-is-layout-flow\">\n<figure class=\"wp-block-image size-full\"><img loading=\"lazy\" decoding=\"async\" width=\"800\" height=\"600\" src=\"https:\/\/equimportec.com\/wp-content\/uploads\/2022\/03\/8.jpg\" alt=\"\" class=\"wp-image-92\" srcset=\"https:\/\/equimportec.com\/wp-content\/uploads\/2022\/03\/8.jpg 800w, https:\/\/equimportec.com\/wp-content\/uploads\/2022\/03\/8-300x225.jpg 300w, https:\/\/equimportec.com\/wp-content\/uploads\/2022\/03\/8-768x576.jpg 768w\" sizes=\"auto, (max-width: 800px) 100vw, 800px\" \/><figcaption>MONITOREO DE CONDICI\u00d3N<br>Pruebas el\u00e9ctricas est\u00e1ticas: resistencia del circuito, resistencia de aislamiento, \u00edndice de polarizaci\u00f3n, sobretensi\u00f3n, Hi Pot<\/figcaption><\/figure>\n<\/div>\n\n\n\n<div class=\"wp-block-column is-layout-flow wp-block-column-is-layout-flow\">\n<figure class=\"wp-block-image size-full\"><img loading=\"lazy\" decoding=\"async\" width=\"800\" height=\"600\" src=\"https:\/\/equimportec.com\/wp-content\/uploads\/2022\/03\/9.jpg\" alt=\"\" class=\"wp-image-93\" srcset=\"https:\/\/equimportec.com\/wp-content\/uploads\/2022\/03\/9.jpg 800w, https:\/\/equimportec.com\/wp-content\/uploads\/2022\/03\/9-300x225.jpg 300w, https:\/\/equimportec.com\/wp-content\/uploads\/2022\/03\/9-768x576.jpg 768w\" sizes=\"auto, (max-width: 800px) 100vw, 800px\" \/><figcaption>MANTENIMIENTO PREVENTIVO<br>Pruebas de diagn\u00f3stico el\u00e9ctrico y certificaci\u00f3n: resistencia de circuito, resistencia de aislamiento, \u00edndice de polarizaci\u00f3n y absorci\u00f3n.<\/figcaption><\/figure>\n<\/div>\n\n\n\n<div class=\"wp-block-column is-layout-flow wp-block-column-is-layout-flow\">\n<figure class=\"wp-block-image size-full\"><img loading=\"lazy\" decoding=\"async\" width=\"800\" height=\"600\" src=\"https:\/\/equimportec.com\/wp-content\/uploads\/2022\/03\/10.jpg\" alt=\"\" class=\"wp-image-94\" srcset=\"https:\/\/equimportec.com\/wp-content\/uploads\/2022\/03\/10.jpg 800w, https:\/\/equimportec.com\/wp-content\/uploads\/2022\/03\/10-300x225.jpg 300w, https:\/\/equimportec.com\/wp-content\/uploads\/2022\/03\/10-768x576.jpg 768w\" sizes=\"auto, (max-width: 800px) 100vw, 800px\" \/><figcaption>REBOBINADO<br>Redise\u00f1os y \/ o evaluaci\u00f3n de bobinados utilizando software especializado.<\/figcaption><\/figure>\n<\/div>\n<\/div>\n\n\n\n<div class=\"wp-block-columns is-layout-flex wp-container-core-columns-is-layout-9d6595d7 wp-block-columns-is-layout-flex\">\n<div class=\"wp-block-column is-layout-flow wp-block-column-is-layout-flow\">\n<figure class=\"wp-block-image size-full\"><img loading=\"lazy\" decoding=\"async\" width=\"800\" height=\"600\" src=\"https:\/\/equimportec.com\/wp-content\/uploads\/2022\/03\/11.jpg\" alt=\"\" class=\"wp-image-95\" srcset=\"https:\/\/equimportec.com\/wp-content\/uploads\/2022\/03\/11.jpg 800w, https:\/\/equimportec.com\/wp-content\/uploads\/2022\/03\/11-300x225.jpg 300w, https:\/\/equimportec.com\/wp-content\/uploads\/2022\/03\/11-768x576.jpg 768w\" sizes=\"auto, (max-width: 800px) 100vw, 800px\" \/><figcaption>ROTORES<br>Rotores de poste salientes rebobinando. Pruebas de diagn\u00f3stico y certificaci\u00f3n<\/figcaption><\/figure>\n<\/div>\n\n\n\n<div class=\"wp-block-column is-layout-flow wp-block-column-is-layout-flow\">\n<figure class=\"wp-block-image size-full\"><img loading=\"lazy\" decoding=\"async\" width=\"800\" height=\"600\" src=\"https:\/\/equimportec.com\/wp-content\/uploads\/2022\/03\/12.jpg\" alt=\"\" class=\"wp-image-96\" srcset=\"https:\/\/equimportec.com\/wp-content\/uploads\/2022\/03\/12.jpg 800w, https:\/\/equimportec.com\/wp-content\/uploads\/2022\/03\/12-300x225.jpg 300w, https:\/\/equimportec.com\/wp-content\/uploads\/2022\/03\/12-768x576.jpg 768w\" sizes=\"auto, (max-width: 800px) 100vw, 800px\" \/><figcaption>MAQUINAS DE CORRIENTE CONTINUA<br>Resistencia de circuito, resistencia de aislamiento. \u00cdndice de Polarizaci\u00f3n y Absorci\u00f3n, Oleaje y Hi Pot.<\/figcaption><\/figure>\n<\/div>\n\n\n\n<div class=\"wp-block-column is-layout-flow wp-block-column-is-layout-flow\">\n<figure class=\"wp-block-image size-full\"><img loading=\"lazy\" decoding=\"async\" width=\"800\" height=\"600\" src=\"https:\/\/equimportec.com\/wp-content\/uploads\/2022\/03\/14.jpg\" alt=\"\" class=\"wp-image-97\" srcset=\"https:\/\/equimportec.com\/wp-content\/uploads\/2022\/03\/14.jpg 800w, https:\/\/equimportec.com\/wp-content\/uploads\/2022\/03\/14-300x225.jpg 300w, https:\/\/equimportec.com\/wp-content\/uploads\/2022\/03\/14-768x576.jpg 768w\" sizes=\"auto, (max-width: 800px) 100vw, 800px\" \/><figcaption>MEC\u00c1NICA DE PRECISI\u00d3N<br>Equilibrado din\u00e1mico, Revisi\u00f3n de tolerancias de cojinetes, Rehabilitaci\u00f3n de ejes y carcasas, Instalaci\u00f3n de aislamiento de cojinetes<\/figcaption><\/figure>\n<\/div>\n<\/div>\n\n\n\n<div class=\"wp-block-columns is-layout-flex wp-container-core-columns-is-layout-9d6595d7 wp-block-columns-is-layout-flex\">\n<div class=\"wp-block-column is-layout-flow wp-block-column-is-layout-flow\">\n<figure class=\"wp-block-image size-full\"><img loading=\"lazy\" decoding=\"async\" width=\"800\" height=\"600\" src=\"https:\/\/equimportec.com\/wp-content\/uploads\/2022\/03\/15.jpg\" alt=\"\" class=\"wp-image-98\" srcset=\"https:\/\/equimportec.com\/wp-content\/uploads\/2022\/03\/15.jpg 800w, https:\/\/equimportec.com\/wp-content\/uploads\/2022\/03\/15-300x225.jpg 300w, https:\/\/equimportec.com\/wp-content\/uploads\/2022\/03\/15-768x576.jpg 768w\" sizes=\"auto, (max-width: 800px) 100vw, 800px\" \/><figcaption>EQUILIBRIO DIN\u00c1MICO<br>Los fabricantes usualmente usaron un par\u00e1metro 6.3 G, mientras que los est\u00e1ndares de calidad internos son m\u00e1s estrictos, lo que mejora la calidad del balanceo a G 2.5.<\/figcaption><\/figure>\n<\/div>\n\n\n\n<div class=\"wp-block-column is-layout-flow wp-block-column-is-layout-flow\"><\/div>\n\n\n\n<div class=\"wp-block-column is-layout-flow wp-block-column-is-layout-flow\"><\/div>\n<\/div>\n","protected":false},"excerpt":{"rendered":"<p>Alto Voltaje Bajo y Medio Voltaje<\/p>\n","protected":false},"author":1,"featured_media":0,"parent":0,"menu_order":0,"comment_status":"closed","ping_status":"closed","template":"elementor_header_footer","meta":{"om_disable_all_campaigns":false,"_monsterinsights_skip_tracking":false,"_monsterinsights_sitenote_active":false,"_monsterinsights_sitenote_note":"","_monsterinsights_sitenote_category":0,"footnotes":""},"class_list":["post-78","page","type-page","status-publish","hentry","entry"],"_links":{"self":[{"href":"https:\/\/equimportec.com\/index.php\/wp-json\/wp\/v2\/pages\/78","targetHints":{"allow":["GET"]}}],"collection":[{"href":"https:\/\/equimportec.com\/index.php\/wp-json\/wp\/v2\/pages"}],"about":[{"href":"https:\/\/equimportec.com\/index.php\/wp-json\/wp\/v2\/types\/page"}],"author":[{"embeddable":true,"href":"https:\/\/equimportec.com\/index.php\/wp-json\/wp\/v2\/users\/1"}],"replies":[{"embeddable":true,"href":"https:\/\/equimportec.com\/index.php\/wp-json\/wp\/v2\/comments?post=78"}],"version-history":[{"count":2,"href":"https:\/\/equimportec.com\/index.php\/wp-json\/wp\/v2\/pages\/78\/revisions"}],"predecessor-version":[{"id":99,"href":"https:\/\/equimportec.com\/index.php\/wp-json\/wp\/v2\/pages\/78\/revisions\/99"}],"wp:attachment":[{"href":"https:\/\/equimportec.com\/index.php\/wp-json\/wp\/v2\/media?parent=78"}],"curies":[{"name":"wp","href":"https:\/\/api.w.org\/{rel}","templated":true}]}}